{"id":20,"date":"2024-11-01T11:09:22","date_gmt":"2024-11-01T11:09:22","guid":{"rendered":"https:\/\/test2.klikajinfo.com\/?page_id=20"},"modified":"2024-11-02T12:08:14","modified_gmt":"2024-11-02T12:08:14","slug":"20-2","status":"publish","type":"page","link":"https:\/\/test2.klikajinfo.com\/","title":{"rendered":"Strona g\u0142\u00f3wna"},"content":{"rendered":"\t\t<div data-elementor-type=\"wp-page\" data-elementor-id=\"20\" class=\"elementor elementor-20\" data-elementor-post-type=\"page\">\n\t\t\t\t<div class=\"elementor-element elementor-element-68d0a558 e-flex e-con-boxed e-con e-parent\" data-id=\"68d0a558\" data-element_type=\"container\">\n\t\t\t\t\t<div class=\"e-con-inner\">\n\t\t\t\t<div class=\"elementor-element elementor-element-38a8ea8b elementor-widget elementor-widget-text-editor\" data-id=\"38a8ea8b\" data-element_type=\"widget\" data-widget_type=\"text-editor.default\">\n\t\t\t\t<div class=\"elementor-widget-container\">\n\t\t\t\t\t\t\t<!-- wp:paragraph -->\n<p>Strona g\u0142\u00f3wna<\/p>\n<!-- \/wp:paragraph -->\t\t\t\t\t\t<\/div>\n\t\t\t\t<\/div>\n\t\t\t\t\t<\/div>\n\t\t\t\t<\/div>\n\t\t<div class=\"elementor-element elementor-element-0172237 e-flex e-con-boxed e-con e-parent\" data-id=\"0172237\" data-element_type=\"container\">\n\t\t\t\t\t<div class=\"e-con-inner\">\n\t\t\t\t<div class=\"elementor-element elementor-element-ce13c68 elementor-widget elementor-widget-text-editor\" data-id=\"ce13c68\" data-element_type=\"widget\" data-widget_type=\"text-editor.default\">\n\t\t\t\t<div class=\"elementor-widget-container\">\n\t\t\t\t\t\t\t<p>Co to jest fotografia i jakie s\u0105 jej rodzaje?<br \/>Fotografia to sztuka \u2013 mo\u017cna to powiedzie\u0107 z ca\u0142\u0105 \u015bwiadomo\u015bci\u0105. Ukazanie \u015bwiata z perspektywy r\u00f3\u017cnych fotograf\u00f3w, pozwala na ujrzenie r\u00f3\u017cnorodno\u015bci otaczaj\u0105cego nas \u015bwiata. Jeden kwiat w ka\u017cdym obiektywie b\u0119dzie inny. W\u0142a\u015bnie taka r\u00f3\u017cnorodno\u015b\u0107 sprawi\u0142a, \u017ce wyst\u0119puj\u0105 r\u00f3\u017cne rodzaje fotografii, kt\u00f3re zaz\u0119biaj\u0105 si\u0119 ze sob\u0105, tworz\u0105c unikatowe mieszanki. Co to w\u0142a\u015bciwie jest fotografia i jakie mo\u017cemy wyszczeg\u00f3lni\u0107 jej rodzaje? Ciekawi? Zaczynamy!<\/p>\n<p>Czym jest fotografia \u2013 definicja?<br \/>Co to jest fotografia? Przyj\u0119\u0142o si\u0119, \u017ce jest to zbi\u00f3r r\u00f3\u017cnorodnych technik, celem kt\u00f3rych jest zarejestrowanie trwa\u0142ego, pojedynczego obrazu za pomoc\u0105 \u015bwiat\u0142a.<\/p>\n<p>A tak naprawd\u0119, fotografia co to? \u2013 to trwa\u0142y zapis pi\u0119kna i chwil, kt\u00f3re s\u0105 ulotne.<\/p>\n<p>S\u0142\u00f3w kilka o rodzajach fotografii<br \/>Fotografie potrafi\u0105 nas zachwyci\u0107. Uchwyc\u0105 co\u015b, czego cz\u0119sto ludzkie oko nie jest w stanie zarejestrowa\u0107. Co wi\u0119cej, fotografia pozwala zachowa\u0107 wspomnienia, podzia\u0142 fotografii ma by\u0107 przede wszystkim u\u017cyteczny. Ka\u017cdy wyr\u00f3\u017cnik ma pomaga\u0107 w opisie zdj\u0119cia.\u00a0<span style=\"font-size: 14px; color: var( --e-global-color-text ); text-align: var(--text-align);\">Najpopularniejszym kryterium podzia\u0142u fotografii jest jej tematyka.<\/span><span style=\"color: var( --e-global-color-text ); font-size: 14px; text-align: var(--text-align);\">Teoretycznie fotograf nie powinien mie\u0107 problemu z opisem zdj\u0119\u0107. Doskonale wie, czy wykonuje zdj\u0119cia krajobrazu, architektury czy ludzkiego portretu. Niestety, w praktyce podzia\u0142 nie jest tak oczywisty.<\/span><\/p>\n<p><b>Opis fotografii-przyk\u0142ad<\/b>, to wykonywanie portretu modelowi w plenerze, gdzie model wype\u0142nia nieznaczn\u0105 cz\u0119\u015b\u0107 kadru. Fotografia rodzaje potrafi mie\u0107 naprawd\u0119 zaskakuj\u0105ce. To, czy b\u0119dzie to fotografia portretowa, czy krajobrazowa zale\u017cy od intencji autora, a granice staj\u0105 si\u0119 tu rozmyte i p\u0142ynne. Wyznacznikiem jest to, co by\u0142o dla autora najwa\u017cniejsze \u2013 model czy jego pi\u0119kny antura\u017c.<\/p>\n<p>Gatunki fotografii<br \/>Aby u\u0142atwi\u0107 poruszanie si\u0119 w \u015bwiecie fotografii i wyszczeg\u00f3lni\u0107 rodzaje zdj\u0119\u0107, podstawowe dziedziny fotografii to:<\/p>\n<ul>\n<li>fotografia krajobrazowa,<\/li>\n<li>fotografia architektury,<\/li>\n<li>fotografia astronomiczna,<\/li>\n<li>fotografia makrofotograficzna,<\/li>\n<li>fotografia produktowa,<\/li>\n<li>fotografia spo\u0142eczna,<\/li>\n<li>fotografia portretowa,<\/li>\n<li>fotografia samochodowa,<\/li>\n<li>fotografia reporta\u017cowa,<\/li>\n<li>fotografia podr\u00f3\u017cnicza,<\/li>\n<li>fotografia podwodna.<\/li>\n<li>Wyr\u00f3\u017cni\u0107 mo\u017cemy typy fotografii r\u00f3wnie\u017c ze wzgl\u0119du na jej<\/li>\n<li>przeznaczenie. Funkcj\u0119 fotografii s\u0105 bardzo zr\u00f3\u017cnicowane,<\/li>\n<li>dlatego wyodr\u0119bnia\u0107 mo\u017cemy typy zdj\u0119\u0107:<\/li>\n<\/ul>\n<ol>\n<li>galeryjnych,<\/li>\n<li>reklamowych,<\/li>\n<li>archiwizacyjnych,<\/li>\n<li>naukowych,<\/li>\n<li>rodzinnych,<\/li>\n<li>informacyjnych.<\/li>\n<\/ol>\n<p>Powy\u017csze podzia\u0142y doskonale obrazuj\u0105 gatunki fotografii, kt\u00f3re s\u0105 powszechnie wykorzystywane.<\/p>\n<p><strong>Fotografia portretowa<\/strong><br \/>O fotografii mo\u017cna by m\u00f3wi\u0107 naprawd\u0119 d\u0142ugo. By scharakteryzowa\u0107 wszystkie typy zdj\u0119\u0107, temat musia\u0142by by\u0107 szalenie rozleg\u0142y. Style fotografii s\u0105 rozleg\u0142e, a jedn\u0105 z ciekawszych s\u0105 rodzaje porter\u00f3w w fotografii \u2013 psychologiczny, zawodowy, artystyczny, plenerowy i inne.<\/p>\n<p>Fotografia portretowa \u2013 definicja jest sucha i ma\u0142o wnosi \u2013 podobie\u0144stwo osoby lub grupy os\u00f3b, w szczeg\u00f3lno\u015bci twarzy. Fotograf zdj\u0119cia portretowe mo\u017ce wykona\u0107 w przer\u00f3\u017cny spos\u00f3b, a wszystko zale\u017cy od jego inwencji. Ciekawe fotografie powstaj\u0105 dzi\u0119ki spontanicznym i naturalnym uj\u0119ciom.<\/p>\n<p><strong>Style fotografii<\/strong><br \/>Zdj\u0119cia fotograficzne mo\u017cemy wykona\u0107 w stylu klasycznym, wsp\u00f3\u0142czesnym, fotoreporterskim. Ka\u017cdy styl rz\u0105dzi si\u0119 swoimi indywidualnymi prawami, fotografia tworzona jest g\u0142\u00f3wnie dla umownego podzia\u0142u, a rodzaje sesji fotograficznych dopasuj\u0105 si\u0119 do poszczeg\u00f3lnych wymaga\u0144 klient\u00f3w. Jak wspomniano wy\u017cej, fotografia ma by\u0107 przede wszystkich u\u017cytkowa i s\u0142u\u017cy\u0107 ludziom. Fotografia prezentacja liczy si\u0119 przede wszystkim dla odbiorcy i musi by\u0107 wykonane perfekcyjnie.<\/p>\n<p>Czy mo\u017cna wiedzie\u0107 wszystko o fotografii?<br \/>Fotografia to bardzo rozleg\u0142a dziedzina. W fotografii zazwyczaj specjalizujemy si\u0119 w jej w\u0105skiej dziedzinie, np. zdj\u0119cia artystyczne natura staj\u0105 si\u0119 naszym konikiem. Same rodzaje perspektyw w fotografii potrafi\u0105 przysporzy\u0107 o zawr\u00f3t g\u0142owy.<\/p>\n<p>Fotografia to \u015bwiat, w kt\u00f3rym mo\u017cna stworzy\u0107 pi\u0119kn\u0105 iluzj\u0119, realistycznie przedstawi\u0107 fakty czy po prostu uwiecznia\u0107 niepowtarzalne momenty. Zdj\u0119cie to niejednokrotnie najlepsza pami\u0105tka, kt\u00f3ra towarzyszy\u0107 nam b\u0119dzie przez ca\u0142y \u017cycie.<\/p>\t\t\t\t\t\t<\/div>\n\t\t\t\t<\/div>\n\t\t\t\t\t<\/div>\n\t\t\t\t<\/div>\n\t\t\t\t<\/div>\n\t\t","protected":false},"excerpt":{"rendered":"<p>Strona g\u0142\u00f3wna Co to jest fotografia i jakie s\u0105 jej rodzaje?Fotografia to sztuka \u2013 mo\u017cna to powiedzie\u0107 z ca\u0142\u0105 \u015bwiadomo\u015bci\u0105. Ukazanie \u015bwiata z perspektywy r\u00f3\u017cnych fotograf\u00f3w, pozwala na ujrzenie r\u00f3\u017cnorodno\u015bci otaczaj\u0105cego nas \u015bwiata. Jeden kwiat w ka\u017cdym obiektywie b\u0119dzie inny. W\u0142a\u015bnie taka r\u00f3\u017cnorodno\u015b\u0107 sprawi\u0142a, \u017ce wyst\u0119puj\u0105 r\u00f3\u017cne rodzaje fotografii, kt\u00f3re zaz\u0119biaj\u0105 si\u0119 ze sob\u0105, tworz\u0105c [&hellip;]<\/p>\n","protected":false},"author":1,"featured_media":0,"parent":0,"menu_order":0,"comment_status":"closed","ping_status":"closed","template":"","meta":{"ocean_post_layout":"full-screen","ocean_both_sidebars_style":"","ocean_both_sidebars_content_width":0,"ocean_both_sidebars_sidebars_width":0,"ocean_sidebar":"","ocean_second_sidebar":"","ocean_disable_margins":"enable","ocean_add_body_class":"","ocean_shortcode_before_top_bar":"","ocean_shortcode_after_top_bar":"","ocean_shortcode_before_header":"","ocean_shortcode_after_header":"[rev_slider alias=\"concept1\"][\/rev_slider]","ocean_has_shortcode":"","ocean_shortcode_after_title":"","ocean_shortcode_before_footer_widgets":"","ocean_shortcode_after_footer_widgets":"[elementor-template id=\"47\"]","ocean_shortcode_before_footer_bottom":"","ocean_shortcode_after_footer_bottom":"","ocean_display_top_bar":"default","ocean_display_header":"default","ocean_header_style":"","ocean_center_header_left_menu":"","ocean_custom_header_template":"","ocean_custom_logo":0,"ocean_custom_retina_logo":0,"ocean_custom_logo_max_width":0,"ocean_custom_logo_tablet_max_width":0,"ocean_custom_logo_mobile_max_width":0,"ocean_custom_logo_max_height":0,"ocean_custom_logo_tablet_max_height":0,"ocean_custom_logo_mobile_max_height":0,"ocean_header_custom_menu":"","ocean_menu_typo_font_family":"","ocean_menu_typo_font_subset":"","ocean_menu_typo_font_size":0,"ocean_menu_typo_font_size_tablet":0,"ocean_menu_typo_font_size_mobile":0,"ocean_menu_typo_font_size_unit":"px","ocean_menu_typo_font_weight":"","ocean_menu_typo_font_weight_tablet":"","ocean_menu_typo_font_weight_mobile":"","ocean_menu_typo_transform":"","ocean_menu_typo_transform_tablet":"","ocean_menu_typo_transform_mobile":"","ocean_menu_typo_line_height":0,"ocean_menu_typo_line_height_tablet":0,"ocean_menu_typo_line_height_mobile":0,"ocean_menu_typo_line_height_unit":"","ocean_menu_typo_spacing":0,"ocean_menu_typo_spacing_tablet":0,"ocean_menu_typo_spacing_mobile":0,"ocean_menu_typo_spacing_unit":"","ocean_menu_link_color":"","ocean_menu_link_color_hover":"","ocean_menu_link_color_active":"","ocean_menu_link_background":"","ocean_menu_link_hover_background":"","ocean_menu_link_active_background":"","ocean_menu_social_links_bg":"","ocean_menu_social_hover_links_bg":"","ocean_menu_social_links_color":"","ocean_menu_social_hover_links_color":"","ocean_disable_title":"default","ocean_disable_heading":"default","ocean_post_title":"","ocean_post_subheading":"","ocean_post_title_style":"","ocean_post_title_background_color":"","ocean_post_title_background":0,"ocean_post_title_bg_image_position":"","ocean_post_title_bg_image_attachment":"","ocean_post_title_bg_image_repeat":"","ocean_post_title_bg_image_size":"","ocean_post_title_height":0,"ocean_post_title_bg_overlay":0.5,"ocean_post_title_bg_overlay_color":"","ocean_disable_breadcrumbs":"default","ocean_breadcrumbs_color":"","ocean_breadcrumbs_separator_color":"","ocean_breadcrumbs_links_color":"","ocean_breadcrumbs_links_hover_color":"","ocean_display_footer_widgets":"default","ocean_display_footer_bottom":"default","ocean_custom_footer_template":"","footnotes":""},"class_list":["post-20","page","type-page","status-publish","hentry","entry"],"_links":{"self":[{"href":"https:\/\/test2.klikajinfo.com\/index.php\/wp-json\/wp\/v2\/pages\/20","targetHints":{"allow":["GET"]}}],"collection":[{"href":"https:\/\/test2.klikajinfo.com\/index.php\/wp-json\/wp\/v2\/pages"}],"about":[{"href":"https:\/\/test2.klikajinfo.com\/index.php\/wp-json\/wp\/v2\/types\/page"}],"author":[{"embeddable":true,"href":"https:\/\/test2.klikajinfo.com\/index.php\/wp-json\/wp\/v2\/users\/1"}],"replies":[{"embeddable":true,"href":"https:\/\/test2.klikajinfo.com\/index.php\/wp-json\/wp\/v2\/comments?post=20"}],"version-history":[{"count":5,"href":"https:\/\/test2.klikajinfo.com\/index.php\/wp-json\/wp\/v2\/pages\/20\/revisions"}],"predecessor-version":[{"id":44,"href":"https:\/\/test2.klikajinfo.com\/index.php\/wp-json\/wp\/v2\/pages\/20\/revisions\/44"}],"wp:attachment":[{"href":"https:\/\/test2.klikajinfo.com\/index.php\/wp-json\/wp\/v2\/media?parent=20"}],"curies":[{"name":"wp","href":"https:\/\/api.w.org\/{rel}","templated":true}]}}